{"id":517,"date":"2021-03-18T10:36:33","date_gmt":"2021-03-18T07:36:33","guid":{"rendered":"https:\/\/magicmirror.tv\/?page_id=517"},"modified":"2021-03-23T11:31:44","modified_gmt":"2021-03-23T08:31:44","slug":"mirrorart-golden","status":"publish","type":"page","link":"https:\/\/magicmirror.tv\/en\/mirrorart-golden\/","title":{"rendered":"Mirrorart Golden"},"content":{"rendered":"<section class=\"l-section wpb_row us_custom_b26b9ca7 height_small\"><div class=\"l-section-h i-cf\"><div class=\"g-cols vc_row type_default valign_top\"><div class=\"vc_col-sm-8 wpb_column vc_column_container\"><div class=\"vc_column-inner\"><div class=\"wpb_wrapper\"><div class=\"w-separator size_huge\"><\/div><div class=\"w-slider style_none fit_scaledown\"><div class=\"w-slider-h\"><div class=\"royalSlider\"><div class=\"rsContent\"><a class=\"rsImg\" data-rsw=\"978\" data-rsh=\"736\" data-rsBigImg=\"https:\/\/magicmirror.tv\/wp-content\/uploads\/2021\/02\/cerceve_on_altin_tv_2.png\" href=\"https:\/\/magicmirror.tv\/wp-content\/uploads\/2021\/02\/cerceve_on_altin_tv_2.png\"><span data-alt=\"\"><\/span><\/a><img loading=\"lazy\" decoding=\"async\" width=\"150\" height=\"150\" src=\"https:\/\/magicmirror.tv\/wp-content\/uploads\/2021\/02\/cerceve_on_altin_tv_2-150x150.png\" class=\"rsTmb\" alt=\"\" \/><\/div><div class=\"rsContent\"><a class=\"rsImg\" data-rsw=\"978\" data-rsh=\"736\" data-rsBigImg=\"https:\/\/magicmirror.tv\/wp-content\/uploads\/2021\/02\/cerceve_on_altin_tv.png\" href=\"https:\/\/magicmirror.tv\/wp-content\/uploads\/2021\/02\/cerceve_on_altin_tv.png\"><span data-alt=\"\"><\/span><\/a><img loading=\"lazy\" decoding=\"async\" width=\"150\" height=\"150\" src=\"https:\/\/magicmirror.tv\/wp-content\/uploads\/2021\/02\/cerceve_on_altin_tv-150x150.png\" class=\"rsTmb\" alt=\"\" \/><\/div><div class=\"rsContent\"><a class=\"rsImg\" data-rsw=\"978\" data-rsh=\"736\" data-rsBigImg=\"https:\/\/magicmirror.tv\/wp-content\/uploads\/2021\/02\/cerceve_on_altin_ayna.png\" href=\"https:\/\/magicmirror.tv\/wp-content\/uploads\/2021\/02\/cerceve_on_altin_ayna.png\"><span data-alt=\"\"><\/span><\/a><img loading=\"lazy\" decoding=\"async\" width=\"150\" height=\"150\" src=\"https:\/\/magicmirror.tv\/wp-content\/uploads\/2021\/02\/cerceve_on_altin_ayna-150x150.png\" class=\"rsTmb\" alt=\"\" \/><\/div><div class=\"rsContent\"><a class=\"rsImg\" data-rsw=\"786\" data-rsh=\"800\" data-rsBigImg=\"https:\/\/magicmirror.tv\/wp-content\/uploads\/2021\/02\/cerceve_altin_tv_2.png\" href=\"https:\/\/magicmirror.tv\/wp-content\/uploads\/2021\/02\/cerceve_altin_tv_2.png\"><span data-alt=\"\"><\/span><\/a><img loading=\"lazy\" decoding=\"async\" width=\"150\" height=\"150\" src=\"https:\/\/magicmirror.tv\/wp-content\/uploads\/2021\/02\/cerceve_altin_tv_2-150x150.png\" class=\"rsTmb\" alt=\"\" \/><\/div><div class=\"rsContent\"><a class=\"rsImg\" data-rsw=\"786\" data-rsh=\"800\" data-rsBigImg=\"https:\/\/magicmirror.tv\/wp-content\/uploads\/2021\/02\/cerceve_altin_tv.png\" href=\"https:\/\/magicmirror.tv\/wp-content\/uploads\/2021\/02\/cerceve_altin_tv.png\"><span data-alt=\"\"><\/span><\/a><img loading=\"lazy\" decoding=\"async\" width=\"150\" height=\"150\" src=\"https:\/\/magicmirror.tv\/wp-content\/uploads\/2021\/02\/cerceve_altin_tv-150x150.png\" class=\"rsTmb\" alt=\"\" \/><\/div><div class=\"rsContent\"><a class=\"rsImg\" data-rsw=\"786\" data-rsh=\"800\" data-rsBigImg=\"https:\/\/magicmirror.tv\/wp-content\/uploads\/2021\/02\/cerceve_altin_ayna.png\" href=\"https:\/\/magicmirror.tv\/wp-content\/uploads\/2021\/02\/cerceve_altin_ayna.png\"><span data-alt=\"\"><\/span><\/a><img loading=\"lazy\" decoding=\"async\" width=\"150\" height=\"150\" src=\"https:\/\/magicmirror.tv\/wp-content\/uploads\/2021\/02\/cerceve_altin_ayna-150x150.png\" class=\"rsTmb\" alt=\"\" \/><\/div><div class=\"rsContent\"><a class=\"rsImg\" data-rsw=\"1024\" data-rsh=\"1024\" data-rsBigImg=\"https:\/\/magicmirror.tv\/wp-content\/uploads\/2021\/02\/mirror_cerceve_altin.jpg\" href=\"https:\/\/magicmirror.tv\/wp-content\/uploads\/2021\/02\/mirror_cerceve_altin-1024x1024.jpg\"><span data-alt=\"\"><\/span><\/a><img loading=\"lazy\" decoding=\"async\" width=\"150\" height=\"150\" src=\"https:\/\/magicmirror.tv\/wp-content\/uploads\/2021\/02\/mirror_cerceve_altin-150x150.jpg\" class=\"rsTmb\" alt=\"\" srcset=\"https:\/\/magicmirror.tv\/wp-content\/uploads\/2021\/02\/mirror_cerceve_altin-150x150.jpg 150w, https:\/\/magicmirror.tv\/wp-content\/uploads\/2021\/02\/mirror_cerceve_altin-300x300.jpg 300w, https:\/\/magicmirror.tv\/wp-content\/uploads\/2021\/02\/mirror_cerceve_altin-1024x1024.jpg 1024w, https:\/\/magicmirror.tv\/wp-content\/uploads\/2021\/02\/mirror_cerceve_altin-600x600.jpg 600w, https:\/\/magicmirror.tv\/wp-content\/uploads\/2021\/02\/mirror_cerceve_altin-400x400.jpg 400w, https:\/\/magicmirror.tv\/wp-content\/uploads\/2021\/02\/mirror_cerceve_altin-800x800.jpg 800w, https:\/\/magicmirror.tv\/wp-content\/uploads\/2021\/02\/mirror_cerceve_altin.jpg 1200w\" sizes=\"auto, (max-width: 150px) 100vw, 150px\" \/><\/div><div class=\"rsContent\"><a class=\"rsImg\" data-rsw=\"1024\" data-rsh=\"819\" data-rsBigImg=\"https:\/\/magicmirror.tv\/wp-content\/uploads\/2021\/02\/golden.jpg\" href=\"https:\/\/magicmirror.tv\/wp-content\/uploads\/2021\/02\/golden-1024x819.jpg\"><span data-alt=\"\"><\/span><\/a><img loading=\"lazy\" decoding=\"async\" width=\"150\" height=\"150\" src=\"https:\/\/magicmirror.tv\/wp-content\/uploads\/2021\/02\/golden-150x150.jpg\" class=\"rsTmb\" alt=\"\" \/><\/div><\/div><img decoding=\"async\" src=\"https:\/\/magicmirror.tv\/wp-content\/uploads\/2021\/02\/cerceve_on_altin_tv_2.png\" width=\"978\" height=\"736\" alt loading=\"lazy\"><\/div><div class=\"w-slider-json\" onclick='return {&quot;loop&quot;:true,&quot;fadeInLoadedSlide&quot;:false,&quot;slidesSpacing&quot;:0,&quot;imageScalePadding&quot;:0,&quot;numImagesToPreload&quot;:2,&quot;arrowsNav&quot;:true,&quot;arrowsNavAutoHide&quot;:false,&quot;transitionType&quot;:&quot;move&quot;,&quot;transitionSpeed&quot;:300,&quot;block&quot;:{&quot;moveEffect&quot;:&quot;none&quot;,&quot;speed&quot;:300},&quot;controlNavigation&quot;:&quot;thumbnails&quot;,&quot;fullscreen&quot;:{&quot;enabled&quot;:true},&quot;imageScaleMode&quot;:&quot;fit-if-smaller&quot;,&quot;autoScaleSlider&quot;:true,&quot;autoScaleSliderWidth&quot;:978,&quot;autoScaleSliderHeight&quot;:736,&quot;fitInViewport&quot;:false}'><\/div><\/div><div class=\"w-separator size_small\"><\/div><div class=\"wpb_text_column\" ><div class=\"wpb_wrapper\"><p>Kolay montaj k\u0131lavuzunu indirmek i\u00e7in <a href=\"https:\/\/magicmirror.tv\/wp-content\/uploads\/2021\/02\/mirrorart-montaj_kilavuzu_v1.pdf\" target=\"_blank\" rel=\"noopener\">t\u0131klay\u0131n<\/a><\/p>\n<\/div><\/div><div class=\"w-sharing type_simple align_left color_default\"><div class=\"w-sharing-list\" data-sharing-url=\"https:\/\/magicmirror.tv\/en\/wp-json\/wp\/v2\/pages\/517\" data-sharing-image><a class=\"w-sharing-item email\" href=\"javascript:void(0)\" title=\"Email this\" aria-label=\"Email this\"><i class=\"fas fa-envelope\"><\/i><\/a><a class=\"w-sharing-item facebook\" href=\"javascript:void(0)\" title=\"Share this\" aria-label=\"Share this\"><i class=\"fab fa-facebook\"><\/i><\/a><a class=\"w-sharing-item twitter\" href=\"javascript:void(0)\" title=\"Tweet this\" aria-label=\"Tweet this\"><i class=\"fab fa-twitter\"><\/i><\/a><a class=\"w-sharing-item pinterest\" href=\"javascript:void(0)\" title=\"Pin this\" aria-label=\"Pin this\"><i class=\"fab fa-pinterest\"><\/i><\/a><a class=\"w-sharing-item whatsapp\" href=\"javascript:void(0)\" title=\"Share this\" aria-label=\"Share this\"><i class=\"fab fa-whatsapp\"><\/i><\/a><\/div><\/div><\/div><\/div><\/div><div class=\"vc_col-sm-4 wpb_column vc_column_container with_overlay\"><div class=\"vc_column-inner\"><div class=\"vc_column-overlay\" style=\"background:#fafafa\"><\/div><div class=\"wpb_wrapper\"><div class=\"w-separator size_small\"><\/div><div class=\"wpb_text_column\" ><div class=\"wpb_wrapper\"><h1>MirrorArt Golden<\/h1>\n<\/div><\/div><div class=\"w-separator size_small with_line width_default thick_1 style_solid color_border align_center\"><div class=\"w-separator-h\"><\/div><\/div><div class=\"wpb_text_column\" ><div class=\"wpb_wrapper\"><p>MirrorArt Golden model comes with a golden wood frame, mirror glass and a wall mount set, complete with a wall mount and connectors. The Gold Model has two sizes M or L.<\/p>\n<p><strong>Mirrorart Golden M<\/strong>: MirrorArt Gold M: 32\u201d to 55\u201d TV sizes<\/p>\n<p><strong>Mirrorart Golden L:<\/strong> MirrorArt Gold L: 65\u201d to 75\u201d TV sizes<\/p>\n<ul>\n<li>Choose the appropriate size (M or L)<\/li>\n<li>Order your product<\/li>\n<li>Self-assemble using the instructional manual<\/li>\n<\/ul>\n<\/div><\/div><div class=\"w-btn-wrapper width_auto align_left\"><a class=\"w-btn us-btn-style_1\" title=\"Order Form\" href=\"https:\/\/magicmirror.tv\/en\/pre-order-form\/\"><span class=\"w-btn-label\">Order Now<\/span><\/a><\/div><div class=\"w-separator size_small\"><\/div><\/div><\/div><\/div><\/div><\/div><\/section><section class=\"l-section wpb_row height_medium\"><div class=\"l-section-h i-cf\"><div class=\"g-cols vc_row type_default valign_top\"><div class=\"vc_col-sm-12 wpb_column vc_column_container\"><div class=\"vc_column-inner\"><div class=\"wpb_wrapper\"><div class=\"g-cols wpb_row  us_custom_1b954acf type_default valign_top vc_inner\"><div class=\"vc_col-sm-12 wpb_column vc_column_container\"><div class=\"vc_column-inner\"><div class=\"wpb_wrapper\"><div class=\"wpb_text_column\" ><div class=\"wpb_wrapper\"><h3 style=\"text-align: center;\">Mirrorart Golden Photo Gallery<\/h3>\n<\/div><\/div><\/div><\/div><\/div><\/div><div class=\"w-slider style_none fit_scaledown\"><div class=\"w-slider-h\"><div class=\"royalSlider\"><div class=\"rsContent\"><a class=\"rsImg\" data-rsw=\"1024\" data-rsh=\"768\" href=\"https:\/\/magicmirror.tv\/wp-content\/uploads\/2021\/03\/ayna-tv-mirror-tv-mirrorart_golden_ayna-1-1024x768.jpg\"><span data-alt=\"\"><\/span><\/a><img loading=\"lazy\" decoding=\"async\" width=\"150\" height=\"150\" src=\"https:\/\/magicmirror.tv\/wp-content\/uploads\/2021\/03\/ayna-tv-mirror-tv-mirrorart_golden_ayna-1-150x150.jpg\" class=\"rsTmb\" alt=\"\" \/><\/div><div class=\"rsContent\"><a class=\"rsImg\" data-rsw=\"1024\" data-rsh=\"768\" href=\"https:\/\/magicmirror.tv\/wp-content\/uploads\/2021\/03\/ayna-tv-mirror-tv-mirrorart_golden_ayna-2-1024x768.jpg\"><span data-alt=\"\"><\/span><\/a><img loading=\"lazy\" decoding=\"async\" width=\"150\" height=\"150\" src=\"https:\/\/magicmirror.tv\/wp-content\/uploads\/2021\/03\/ayna-tv-mirror-tv-mirrorart_golden_ayna-2-150x150.jpg\" class=\"rsTmb\" alt=\"\" \/><\/div><div class=\"rsContent\"><a class=\"rsImg\" data-rsw=\"1024\" data-rsh=\"768\" href=\"https:\/\/magicmirror.tv\/wp-content\/uploads\/2021\/03\/ayna-tv-mirror-tv-mirrorart_golden_ayna-3-1024x768.jpg\"><span data-alt=\"\"><\/span><\/a><img loading=\"lazy\" decoding=\"async\" width=\"150\" height=\"150\" src=\"https:\/\/magicmirror.tv\/wp-content\/uploads\/2021\/03\/ayna-tv-mirror-tv-mirrorart_golden_ayna-3-150x150.jpg\" class=\"rsTmb\" alt=\"\" \/><\/div><div class=\"rsContent\"><a class=\"rsImg\" data-rsw=\"1024\" data-rsh=\"768\" href=\"https:\/\/magicmirror.tv\/wp-content\/uploads\/2021\/03\/ayna-tv-mirror-tv-mirrorart_golden_ayna-4-1024x768.jpg\"><span data-alt=\"\"><\/span><\/a><img loading=\"lazy\" decoding=\"async\" width=\"150\" height=\"150\" src=\"https:\/\/magicmirror.tv\/wp-content\/uploads\/2021\/03\/ayna-tv-mirror-tv-mirrorart_golden_ayna-4-150x150.jpg\" class=\"rsTmb\" alt=\"\" \/><\/div><div class=\"rsContent\"><a class=\"rsImg\" data-rsw=\"1024\" data-rsh=\"768\" href=\"https:\/\/magicmirror.tv\/wp-content\/uploads\/2021\/03\/ayna-tv-mirror-tv-mirrorart_golden_ayna-5-1024x768.jpg\"><span data-alt=\"\"><\/span><\/a><img loading=\"lazy\" decoding=\"async\" width=\"150\" height=\"150\" src=\"https:\/\/magicmirror.tv\/wp-content\/uploads\/2021\/03\/ayna-tv-mirror-tv-mirrorart_golden_ayna-5-150x150.jpg\" class=\"rsTmb\" alt=\"\" \/><\/div><div class=\"rsContent\"><a class=\"rsImg\" data-rsw=\"1024\" data-rsh=\"768\" href=\"https:\/\/magicmirror.tv\/wp-content\/uploads\/2021\/03\/ayna-tv-mirror-tv-mirrorart_golden_ayna-6-1024x768.jpg\"><span data-alt=\"\"><\/span><\/a><img loading=\"lazy\" decoding=\"async\" width=\"150\" height=\"150\" src=\"https:\/\/magicmirror.tv\/wp-content\/uploads\/2021\/03\/ayna-tv-mirror-tv-mirrorart_golden_ayna-6-150x150.jpg\" class=\"rsTmb\" alt=\"\" \/><\/div><div class=\"rsContent\"><a class=\"rsImg\" data-rsw=\"1024\" data-rsh=\"768\" href=\"https:\/\/magicmirror.tv\/wp-content\/uploads\/2021\/03\/ayna-tv-mirror-tv-mirrorart_golden_ayna-7-1024x768.jpg\"><span data-alt=\"\"><\/span><\/a><img loading=\"lazy\" decoding=\"async\" width=\"150\" height=\"150\" src=\"https:\/\/magicmirror.tv\/wp-content\/uploads\/2021\/03\/ayna-tv-mirror-tv-mirrorart_golden_ayna-7-150x150.jpg\" class=\"rsTmb\" alt=\"\" \/><\/div><div class=\"rsContent\"><a class=\"rsImg\" data-rsw=\"1024\" data-rsh=\"768\" href=\"https:\/\/magicmirror.tv\/wp-content\/uploads\/2021\/03\/ayna-tv-mirror-tv-mirrorart_golden_ayna-8-1024x768.jpg\"><span data-alt=\"\"><\/span><\/a><img loading=\"lazy\" decoding=\"async\" width=\"150\" height=\"150\" src=\"https:\/\/magicmirror.tv\/wp-content\/uploads\/2021\/03\/ayna-tv-mirror-tv-mirrorart_golden_ayna-8-150x150.jpg\" class=\"rsTmb\" alt=\"\" \/><\/div><\/div><img decoding=\"async\" src=\"https:\/\/magicmirror.tv\/wp-content\/uploads\/2021\/03\/ayna-tv-mirror-tv-mirrorart_golden_ayna-1-1024x768.jpg\" width=\"1024\" height=\"768\" alt loading=\"lazy\"><\/div><div class=\"w-slider-json\" onclick='return {&quot;loop&quot;:true,&quot;fadeInLoadedSlide&quot;:false,&quot;slidesSpacing&quot;:0,&quot;imageScalePadding&quot;:0,&quot;numImagesToPreload&quot;:2,&quot;arrowsNav&quot;:true,&quot;arrowsNavAutoHide&quot;:false,&quot;transitionType&quot;:&quot;move&quot;,&quot;transitionSpeed&quot;:300,&quot;block&quot;:{&quot;moveEffect&quot;:&quot;none&quot;,&quot;speed&quot;:300},&quot;controlNavigation&quot;:&quot;thumbnails&quot;,&quot;imageScaleMode&quot;:&quot;fit-if-smaller&quot;,&quot;autoScaleSlider&quot;:true,&quot;autoScaleSliderWidth&quot;:1024,&quot;autoScaleSliderHeight&quot;:768,&quot;fitInViewport&quot;:false}'><\/div><\/div><\/div><\/div><\/div><\/div><\/div><\/section><section class=\"l-section wpb_row height_small\"><div class=\"l-section-h i-cf\"><div class=\"g-cols vc_row type_default valign_top\"><div class=\"vc_col-sm-12 wpb_column vc_column_container\"><div class=\"vc_column-inner\"><div class=\"wpb_wrapper\"><div class=\"g-cols wpb_row  us_custom_1b954acf type_default valign_top vc_inner\"><div class=\"vc_col-sm-12 wpb_column vc_column_container\"><div class=\"vc_column-inner\"><div class=\"wpb_wrapper\"><div class=\"wpb_text_column\" ><div class=\"wpb_wrapper\"><h3 style=\"text-align: center;\">Mirrorart Golden Technical Specifications<\/h3>\n<\/div><\/div><\/div><\/div><\/div><\/div><div class=\"g-cols wpb_row  type_default valign_top vc_inner\"><div class=\"vc_col-sm-12 wpb_column vc_column_container\"><div class=\"vc_column-inner\"><div class=\"wpb_wrapper\"><div class=\"wpb_text_column\" ><div class=\"wpb_wrapper\"><table>\n<tbody>\n<tr>\n<td width=\"201\"><\/td>\n<td width=\"201\"><strong>Golden M<\/strong><\/td>\n<td width=\"201\"><strong>Golden L<\/strong><\/td>\n<\/tr>\n<tr>\n<td width=\"201\">TV Size<\/td>\n<td width=\"201\">32\u201d to 55\u201d<\/td>\n<td width=\"201\">65\u201d to 75\u201d<\/td>\n<\/tr>\n<tr>\n<td width=\"201\">Frame<\/td>\n<td width=\"201\">Wood<\/td>\n<td width=\"201\">Wood<\/td>\n<\/tr>\n<tr>\n<td width=\"201\">Frame Color<\/td>\n<td width=\"201\">Golden<\/td>\n<td width=\"201\">Golden<\/td>\n<\/tr>\n<tr>\n<td width=\"201\">Glass Type<\/td>\n<td width=\"201\">Transparent Glass<\/td>\n<td width=\"201\">Transparent Glass<\/td>\n<\/tr>\n<tr>\n<td width=\"201\">Light Transmittance<\/td>\n<td width=\"201\">82%<\/td>\n<td width=\"201\">82%<\/td>\n<\/tr>\n<tr>\n<td width=\"201\">Glass Thickness<\/td>\n<td width=\"201\">4 mm<\/td>\n<td width=\"201\">4 mm<\/td>\n<\/tr>\n<tr>\n<td width=\"201\">TV format<\/td>\n<td width=\"201\">16:9<\/td>\n<td width=\"201\">16:9<\/td>\n<\/tr>\n<tr>\n<td width=\"201\">USB<\/td>\n<td width=\"201\">Yes<\/td>\n<td width=\"201\">Yes<\/td>\n<\/tr>\n<tr>\n<td width=\"201\">Vesa Dimensions<\/td>\n<td width=\"201\">200&#215;200, 300&#215;300, 400x400mm<\/td>\n<td width=\"201\">300&#215;300, 400&#215;400, 400x600mm<\/td>\n<\/tr>\n<tr>\n<td width=\"201\">Wall Mount<\/td>\n<td width=\"201\">Yes<\/td>\n<td width=\"201\">Yes<\/td>\n<\/tr>\n<\/tbody>\n<\/table>\n<p>&nbsp;<\/p>\n<table>\n<tbody>\n<tr>\n<td width=\"201\">Frame Dimensions<\/td>\n<td width=\"201\">1480x965mm<\/td>\n<td width=\"201\">1930x1208mm<\/td>\n<\/tr>\n<tr>\n<td width=\"201\">Glass Dimensions<\/td>\n<td width=\"201\">1280x765mm<\/td>\n<td width=\"201\">1730x1008mm<\/td>\n<\/tr>\n<tr>\n<td width=\"201\">Thickness (without TV)<\/td>\n<td width=\"201\">54mm<\/td>\n<td width=\"201\">54mm<\/td>\n<\/tr>\n<tr>\n<td width=\"201\">Max TV thickness<\/td>\n<td width=\"201\">90mm<\/td>\n<td width=\"201\">90mm<\/td>\n<\/tr>\n<\/tbody>\n<\/table>\n<\/div><\/div><\/div><\/div><\/div><\/div><\/div><\/div><\/div><\/div><\/div><\/section><section class=\"l-section wpb_row height_small\"><div class=\"l-section-h i-cf\"><div class=\"g-cols vc_row type_default valign_top\"><div class=\"vc_col-sm-12 wpb_column vc_column_container\"><div class=\"vc_column-inner\"><div class=\"wpb_wrapper\"><div class=\"g-cols wpb_row  us_custom_1b954acf type_default valign_top vc_inner\"><div class=\"vc_col-sm-12 wpb_column vc_column_container\"><div class=\"vc_column-inner\"><div class=\"wpb_wrapper\"><div class=\"wpb_text_column\" ><div class=\"wpb_wrapper\"><h3 style=\"text-align: center;\">Product Sizes M (32&#8243; &#8211; 55&#8243;)<\/h3>\n<\/div><\/div><\/div><\/div><\/div><\/div><div class=\"g-cols wpb_row  type_default valign_top vc_inner\"><div class=\"vc_col-sm-12 wpb_column vc_column_container\"><div class=\"vc_column-inner\"><div class=\"wpb_wrapper\"><div class=\"w-image align_none\"><div class=\"w-image-h\"><img loading=\"lazy\" decoding=\"async\" width=\"1000\" height=\"803\" src=\"https:\/\/magicmirror.tv\/wp-content\/uploads\/2021\/03\/32-55-Mirror-Tv.jpg\" class=\"attachment-full size-full\" alt=\"\" srcset=\"https:\/\/magicmirror.tv\/wp-content\/uploads\/2021\/03\/32-55-Mirror-Tv.jpg 1000w, https:\/\/magicmirror.tv\/wp-content\/uploads\/2021\/03\/32-55-Mirror-Tv-300x241.jpg 300w, https:\/\/magicmirror.tv\/wp-content\/uploads\/2021\/03\/32-55-Mirror-Tv-800x642.jpg 800w, https:\/\/magicmirror.tv\/wp-content\/uploads\/2021\/03\/32-55-Mirror-Tv-498x400.jpg 498w\" sizes=\"auto, (max-width: 1000px) 100vw, 1000px\" \/><\/div><\/div><\/div><\/div><\/div><\/div><\/div><\/div><\/div><\/div><\/div><\/section><section class=\"l-section wpb_row height_small\"><div class=\"l-section-h i-cf\"><div class=\"g-cols vc_row type_default valign_top\"><div class=\"vc_col-sm-12 wpb_column vc_column_container\"><div class=\"vc_column-inner\"><div class=\"wpb_wrapper\"><div class=\"g-cols wpb_row  us_custom_1b954acf type_default valign_top vc_inner\"><div class=\"vc_col-sm-12 wpb_column vc_column_container\"><div class=\"vc_column-inner\"><div class=\"wpb_wrapper\"><div class=\"wpb_text_column\" ><div class=\"wpb_wrapper\"><h3 style=\"text-align: center;\">Product Sizes L (65&#8243; &#8211; 75&#8243;)<\/h3>\n<\/div><\/div><\/div><\/div><\/div><\/div><div class=\"g-cols wpb_row  type_default valign_top vc_inner\"><div class=\"vc_col-sm-12 wpb_column vc_column_container\"><div class=\"vc_column-inner\"><div class=\"wpb_wrapper\"><div class=\"w-image align_none\"><div class=\"w-image-h\"><img loading=\"lazy\" decoding=\"async\" width=\"1000\" height=\"863\" src=\"https:\/\/magicmirror.tv\/wp-content\/uploads\/2021\/03\/65-75-Mirror-Tv.jpg\" class=\"attachment-full size-full\" alt=\"\" srcset=\"https:\/\/magicmirror.tv\/wp-content\/uploads\/2021\/03\/65-75-Mirror-Tv.jpg 1000w, https:\/\/magicmirror.tv\/wp-content\/uploads\/2021\/03\/65-75-Mirror-Tv-300x259.jpg 300w, https:\/\/magicmirror.tv\/wp-content\/uploads\/2021\/03\/65-75-Mirror-Tv-800x690.jpg 800w, https:\/\/magicmirror.tv\/wp-content\/uploads\/2021\/03\/65-75-Mirror-Tv-463x400.jpg 463w\" sizes=\"auto, (max-width: 1000px) 100vw, 1000px\" \/><\/div><\/div><\/div><\/div><\/div><\/div><\/div><\/div><\/div><\/div><\/div><\/section>\n","protected":false},"excerpt":{"rendered":"Kolay montaj k\u0131lavuzunu indirmek i\u00e7in t\u0131klay\u0131n MirrorArt Golden MirrorArt Golden model comes with a golden wood frame, mirror glass and a wall mount set, complete with a wall mount and connectors. The Gold Model has two sizes M or L. Mirrorart Golden M: MirrorArt Gold M: 32\u201d to 55\u201d TV sizes Mirrorart Golden L: MirrorArt...","protected":false},"author":1,"featured_media":0,"parent":0,"menu_order":0,"comment_status":"closed","ping_status":"closed","template":"","meta":{"footnotes":""},"class_list":["post-517","page","type-page","status-publish","hentry"],"_links":{"self":[{"href":"https:\/\/magicmirror.tv\/en\/wp-json\/wp\/v2\/pages\/517","targetHints":{"allow":["GET"]}}],"collection":[{"href":"https:\/\/magicmirror.tv\/en\/wp-json\/wp\/v2\/pages"}],"about":[{"href":"https:\/\/magicmirror.tv\/en\/wp-json\/wp\/v2\/types\/page"}],"author":[{"embeddable":true,"href":"https:\/\/magicmirror.tv\/en\/wp-json\/wp\/v2\/users\/1"}],"replies":[{"embeddable":true,"href":"https:\/\/magicmirror.tv\/en\/wp-json\/wp\/v2\/comments?post=517"}],"version-history":[{"count":7,"href":"https:\/\/magicmirror.tv\/en\/wp-json\/wp\/v2\/pages\/517\/revisions"}],"predecessor-version":[{"id":628,"href":"https:\/\/magicmirror.tv\/en\/wp-json\/wp\/v2\/pages\/517\/revisions\/628"}],"wp:attachment":[{"href":"https:\/\/magicmirror.tv\/en\/wp-json\/wp\/v2\/media?parent=517"}],"curies":[{"name":"wp","href":"https:\/\/api.w.org\/{rel}","templated":true}]}}