{"id":699,"date":"2021-03-25T16:13:38","date_gmt":"2021-03-25T13:13:38","guid":{"rendered":"https:\/\/magicmirror.tv\/?page_id=699"},"modified":"2021-03-25T17:30:04","modified_gmt":"2021-03-25T14:30:04","slug":"mirrorart-golden","status":"publish","type":"page","link":"https:\/\/magicmirror.tv\/ar\/mirrorart-golden\/","title":{"rendered":"MirrorArt \u0627\u0644\u0641\u0636\u064a"},"content":{"rendered":"<section class=\"l-section wpb_row us_custom_b26b9ca7 height_small\"><div class=\"l-section-h i-cf\"><div class=\"g-cols vc_row type_default valign_top\"><div class=\"vc_col-sm-8 wpb_column vc_column_container\"><div class=\"vc_column-inner\"><div class=\"wpb_wrapper\"><div class=\"w-separator size_huge\"><\/div><div class=\"w-slider style_none fit_scaledown\"><div class=\"w-slider-h\"><div class=\"royalSlider\"><div class=\"rsContent\"><a class=\"rsImg\" data-rsw=\"978\" data-rsh=\"736\" data-rsBigImg=\"https:\/\/magicmirror.tv\/wp-content\/uploads\/2021\/02\/cerceve_on_altin_tv_2.png\" href=\"https:\/\/magicmirror.tv\/wp-content\/uploads\/2021\/02\/cerceve_on_altin_tv_2.png\"><span data-alt=\"\"><\/span><\/a><img loading=\"lazy\" decoding=\"async\" width=\"150\" height=\"150\" src=\"https:\/\/magicmirror.tv\/wp-content\/uploads\/2021\/02\/cerceve_on_altin_tv_2-150x150.png\" class=\"rsTmb\" alt=\"\" \/><\/div><div class=\"rsContent\"><a class=\"rsImg\" data-rsw=\"978\" data-rsh=\"736\" data-rsBigImg=\"https:\/\/magicmirror.tv\/wp-content\/uploads\/2021\/02\/cerceve_on_altin_tv.png\" href=\"https:\/\/magicmirror.tv\/wp-content\/uploads\/2021\/02\/cerceve_on_altin_tv.png\"><span data-alt=\"\"><\/span><\/a><img loading=\"lazy\" decoding=\"async\" width=\"150\" height=\"150\" src=\"https:\/\/magicmirror.tv\/wp-content\/uploads\/2021\/02\/cerceve_on_altin_tv-150x150.png\" class=\"rsTmb\" alt=\"\" \/><\/div><div class=\"rsContent\"><a class=\"rsImg\" data-rsw=\"978\" data-rsh=\"736\" data-rsBigImg=\"https:\/\/magicmirror.tv\/wp-content\/uploads\/2021\/02\/cerceve_on_altin_ayna.png\" href=\"https:\/\/magicmirror.tv\/wp-content\/uploads\/2021\/02\/cerceve_on_altin_ayna.png\"><span data-alt=\"\"><\/span><\/a><img loading=\"lazy\" decoding=\"async\" width=\"150\" height=\"150\" src=\"https:\/\/magicmirror.tv\/wp-content\/uploads\/2021\/02\/cerceve_on_altin_ayna-150x150.png\" class=\"rsTmb\" alt=\"\" \/><\/div><div class=\"rsContent\"><a class=\"rsImg\" data-rsw=\"786\" data-rsh=\"800\" data-rsBigImg=\"https:\/\/magicmirror.tv\/wp-content\/uploads\/2021\/02\/cerceve_altin_tv_2.png\" href=\"https:\/\/magicmirror.tv\/wp-content\/uploads\/2021\/02\/cerceve_altin_tv_2.png\"><span data-alt=\"\"><\/span><\/a><img loading=\"lazy\" decoding=\"async\" width=\"150\" height=\"150\" src=\"https:\/\/magicmirror.tv\/wp-content\/uploads\/2021\/02\/cerceve_altin_tv_2-150x150.png\" class=\"rsTmb\" alt=\"\" \/><\/div><div class=\"rsContent\"><a class=\"rsImg\" data-rsw=\"786\" data-rsh=\"800\" data-rsBigImg=\"https:\/\/magicmirror.tv\/wp-content\/uploads\/2021\/02\/cerceve_altin_tv.png\" href=\"https:\/\/magicmirror.tv\/wp-content\/uploads\/2021\/02\/cerceve_altin_tv.png\"><span data-alt=\"\"><\/span><\/a><img loading=\"lazy\" decoding=\"async\" width=\"150\" height=\"150\" src=\"https:\/\/magicmirror.tv\/wp-content\/uploads\/2021\/02\/cerceve_altin_tv-150x150.png\" class=\"rsTmb\" alt=\"\" \/><\/div><div class=\"rsContent\"><a class=\"rsImg\" data-rsw=\"786\" data-rsh=\"800\" data-rsBigImg=\"https:\/\/magicmirror.tv\/wp-content\/uploads\/2021\/02\/cerceve_altin_ayna.png\" href=\"https:\/\/magicmirror.tv\/wp-content\/uploads\/2021\/02\/cerceve_altin_ayna.png\"><span data-alt=\"\"><\/span><\/a><img loading=\"lazy\" decoding=\"async\" width=\"150\" height=\"150\" src=\"https:\/\/magicmirror.tv\/wp-content\/uploads\/2021\/02\/cerceve_altin_ayna-150x150.png\" class=\"rsTmb\" alt=\"\" \/><\/div><div class=\"rsContent\"><a class=\"rsImg\" data-rsw=\"1024\" data-rsh=\"1024\" data-rsBigImg=\"https:\/\/magicmirror.tv\/wp-content\/uploads\/2021\/02\/mirror_cerceve_altin.jpg\" href=\"https:\/\/magicmirror.tv\/wp-content\/uploads\/2021\/02\/mirror_cerceve_altin-1024x1024.jpg\"><span data-alt=\"\"><\/span><\/a><img loading=\"lazy\" decoding=\"async\" width=\"150\" height=\"150\" src=\"https:\/\/magicmirror.tv\/wp-content\/uploads\/2021\/02\/mirror_cerceve_altin-150x150.jpg\" class=\"rsTmb\" alt=\"\" srcset=\"https:\/\/magicmirror.tv\/wp-content\/uploads\/2021\/02\/mirror_cerceve_altin-150x150.jpg 150w, https:\/\/magicmirror.tv\/wp-content\/uploads\/2021\/02\/mirror_cerceve_altin-300x300.jpg 300w, https:\/\/magicmirror.tv\/wp-content\/uploads\/2021\/02\/mirror_cerceve_altin-1024x1024.jpg 1024w, https:\/\/magicmirror.tv\/wp-content\/uploads\/2021\/02\/mirror_cerceve_altin-600x600.jpg 600w, https:\/\/magicmirror.tv\/wp-content\/uploads\/2021\/02\/mirror_cerceve_altin-400x400.jpg 400w, https:\/\/magicmirror.tv\/wp-content\/uploads\/2021\/02\/mirror_cerceve_altin-800x800.jpg 800w, https:\/\/magicmirror.tv\/wp-content\/uploads\/2021\/02\/mirror_cerceve_altin.jpg 1200w\" sizes=\"auto, (max-width: 150px) 100vw, 150px\" \/><\/div><div class=\"rsContent\"><a class=\"rsImg\" data-rsw=\"1024\" data-rsh=\"819\" data-rsBigImg=\"https:\/\/magicmirror.tv\/wp-content\/uploads\/2021\/02\/golden.jpg\" href=\"https:\/\/magicmirror.tv\/wp-content\/uploads\/2021\/02\/golden-1024x819.jpg\"><span data-alt=\"\"><\/span><\/a><img loading=\"lazy\" decoding=\"async\" width=\"150\" height=\"150\" src=\"https:\/\/magicmirror.tv\/wp-content\/uploads\/2021\/02\/golden-150x150.jpg\" class=\"rsTmb\" alt=\"\" \/><\/div><\/div><img decoding=\"async\" src=\"https:\/\/magicmirror.tv\/wp-content\/uploads\/2021\/02\/cerceve_on_altin_tv_2.png\" width=\"978\" height=\"736\" alt loading=\"lazy\"><\/div><div class=\"w-slider-json\" onclick='return {&quot;loop&quot;:true,&quot;fadeInLoadedSlide&quot;:false,&quot;slidesSpacing&quot;:0,&quot;imageScalePadding&quot;:0,&quot;numImagesToPreload&quot;:2,&quot;arrowsNav&quot;:true,&quot;arrowsNavAutoHide&quot;:false,&quot;transitionType&quot;:&quot;move&quot;,&quot;transitionSpeed&quot;:300,&quot;block&quot;:{&quot;moveEffect&quot;:&quot;none&quot;,&quot;speed&quot;:300},&quot;controlNavigation&quot;:&quot;thumbnails&quot;,&quot;fullscreen&quot;:{&quot;enabled&quot;:true},&quot;imageScaleMode&quot;:&quot;fit-if-smaller&quot;,&quot;autoScaleSlider&quot;:true,&quot;autoScaleSliderWidth&quot;:978,&quot;autoScaleSliderHeight&quot;:736,&quot;fitInViewport&quot;:false}'><\/div><\/div><div class=\"w-separator size_small\"><\/div><div class=\"wpb_text_column\" ><div class=\"wpb_wrapper\"><p>Kolay montaj k\u0131lavuzunu indirmek i\u00e7in <a href=\"https:\/\/magicmirror.tv\/wp-content\/uploads\/2021\/02\/mirrorart-montaj_kilavuzu_v1.pdf\" target=\"_blank\" rel=\"noopener\">t\u0131klay\u0131n<\/a><\/p>\n<\/div><\/div><div class=\"w-sharing type_simple align_left color_default\"><div class=\"w-sharing-list\" data-sharing-url=\"https:\/\/magicmirror.tv\/ar\/wp-json\/wp\/v2\/pages\/699\" data-sharing-image><a class=\"w-sharing-item email\" href=\"javascript:void(0)\" title=\"Email this\" aria-label=\"Email this\"><i class=\"fas fa-envelope\"><\/i><\/a><a class=\"w-sharing-item facebook\" href=\"javascript:void(0)\" title=\"Share this\" aria-label=\"Share this\"><i class=\"fab fa-facebook\"><\/i><\/a><a class=\"w-sharing-item twitter\" href=\"javascript:void(0)\" title=\"Tweet this\" aria-label=\"Tweet this\"><i class=\"fab fa-twitter\"><\/i><\/a><a class=\"w-sharing-item pinterest\" href=\"javascript:void(0)\" title=\"Pin this\" aria-label=\"Pin this\"><i class=\"fab fa-pinterest\"><\/i><\/a><a class=\"w-sharing-item whatsapp\" href=\"javascript:void(0)\" title=\"Share this\" aria-label=\"Share this\"><i class=\"fab fa-whatsapp\"><\/i><\/a><\/div><\/div><\/div><\/div><\/div><div class=\"vc_col-sm-4 wpb_column vc_column_container with_overlay\"><div class=\"vc_column-inner\"><div class=\"vc_column-overlay\" style=\"background:#fafafa\"><\/div><div class=\"wpb_wrapper\"><div class=\"w-separator size_small\"><\/div><div class=\"wpb_text_column\" ><div class=\"wpb_wrapper\"><h1>MirrorArt \u0630\u0647\u0628\u064a<\/h1>\n<\/div><\/div><div class=\"w-separator size_small with_line width_default thick_1 style_solid color_border align_center\"><div class=\"w-separator-h\"><\/div><\/div><div class=\"wpb_text_column\" ><div class=\"wpb_wrapper\"><p>\u064a\u0623\u062a\u064a \u0627\u0644\u0646\u0645\u0648\u0630\u062c \u0627\u0644\u0630\u0647\u0628\u064a \u0628\u0625\u0637\u0627\u0631 \u062e\u0634\u0628\u064a \u0628\u0632\u062e\u0631\u0641\u0629 \u0641\u0636\u064a\u0629 \u0648\u0645\u0631\u0622\u0629 \u0630\u0647\u0628\u064a\u0629 \u0648\u0639\u062f\u0629 \u0630\u0647\u0628\u064a\u0629 \u0644\u062a\u0631\u0643\u064a\u0628 \u0627\u0644\u0634\u0627\u0634\u0629 \u0639\u0644\u0649 \u0627\u0644\u062c\u062f\u0627\u0631. \u0627\u0644\u0646\u0645\u0648\u0630\u062c \u0627\u0644\u0630\u0647\u0628\u064a \u0644\u0647 \u062d\u062c\u0645\u0627\u0646 \u0645\u062a\u0648\u0633\u0637 M \u0648\u0643\u0628\u064a\u0631 L<\/p>\n<p>\u0627\u0644\u0645\u062a\u0648\u0633\u0637: \u0645\u0646\u0627\u0633\u0628 \u0644\u0644\u0634\u0627\u0634\u0627\u062a \u0628\u062d\u062c\u0645 32 \u0625\u0644\u0649 55 \u0628\u0648\u0635\u0629<\/p>\n<p>\u0627\u0644\u0643\u0628\u064a\u0631: \u0645\u0646\u0627\u0633\u0628 \u0644\u0644\u0634\u0627\u0634\u0627\u062a \u0628\u062d\u062c\u0645 65 \u0625\u0644\u0649 75 \u0628\u0648\u0635\u0629<\/p>\n<ul>\n<li>&#8211; \u0627\u062e\u062a\u0631 \u0627\u0644\u062d\u062c\u0645 \u0627\u0644\u0645\u0646\u0627\u0633\u0628 (M \u0623\u0648L)<\/li>\n<li>\u0627\u0637\u0644\u0628 \u0645\u0646\u062a\u062c\u0643<\/li>\n<li>\u0642\u0645 \u0628\u062a\u0631\u0643\u064a\u0628\u0647 \u0628\u0646\u0641\u0633\u0643 \u0628\u0645\u0633\u0627\u0639\u062f\u0629 \u062f\u0644\u064a\u0644 \u0627\u0644\u0627\u0633\u062a\u062e\u062f\u0627\u0645<\/li>\n<\/ul>\n<\/div><\/div><div class=\"w-btn-wrapper width_auto align_left\"><a class=\"w-btn us-btn-style_1\" title=\"Order Form\" href=\"https:\/\/magicmirror.tv\/ar\/order-form\/\"><span class=\"w-btn-label\">\u0627\u0637\u0644\u0628 \u0627\u0644\u0622\u0646<\/span><\/a><\/div><div class=\"w-separator size_small\"><\/div><\/div><\/div><\/div><\/div><\/div><\/section><section class=\"l-section wpb_row height_medium\"><div class=\"l-section-h i-cf\"><div class=\"g-cols vc_row type_default valign_top\"><div class=\"vc_col-sm-12 wpb_column vc_column_container\"><div class=\"vc_column-inner\"><div class=\"wpb_wrapper\"><div class=\"g-cols wpb_row  us_custom_1b954acf type_default valign_top vc_inner\"><div class=\"vc_col-sm-12 wpb_column vc_column_container\"><div class=\"vc_column-inner\"><div class=\"wpb_wrapper\"><div class=\"wpb_text_column\" ><div class=\"wpb_wrapper\"><h3 style=\"text-align: center;\">\u0645\u0639\u0631\u0636 \u0627\u0644\u0635\u0648\u0631<\/h3>\n<\/div><\/div><\/div><\/div><\/div><\/div><div class=\"w-slider style_none fit_scaledown\"><div class=\"w-slider-h\"><div class=\"royalSlider\"><div class=\"rsContent\"><a class=\"rsImg\" data-rsw=\"1024\" data-rsh=\"768\" href=\"https:\/\/magicmirror.tv\/wp-content\/uploads\/2021\/03\/ayna-tv-mirror-tv-mirrorart_golden_ayna-1-1024x768.jpg\"><span data-alt=\"\"><\/span><\/a><img loading=\"lazy\" decoding=\"async\" width=\"150\" height=\"150\" src=\"https:\/\/magicmirror.tv\/wp-content\/uploads\/2021\/03\/ayna-tv-mirror-tv-mirrorart_golden_ayna-1-150x150.jpg\" class=\"rsTmb\" alt=\"\" \/><\/div><div class=\"rsContent\"><a class=\"rsImg\" data-rsw=\"1024\" data-rsh=\"768\" href=\"https:\/\/magicmirror.tv\/wp-content\/uploads\/2021\/03\/ayna-tv-mirror-tv-mirrorart_golden_ayna-2-1024x768.jpg\"><span data-alt=\"\"><\/span><\/a><img loading=\"lazy\" decoding=\"async\" width=\"150\" height=\"150\" src=\"https:\/\/magicmirror.tv\/wp-content\/uploads\/2021\/03\/ayna-tv-mirror-tv-mirrorart_golden_ayna-2-150x150.jpg\" class=\"rsTmb\" alt=\"\" \/><\/div><div class=\"rsContent\"><a class=\"rsImg\" data-rsw=\"1024\" data-rsh=\"768\" href=\"https:\/\/magicmirror.tv\/wp-content\/uploads\/2021\/03\/ayna-tv-mirror-tv-mirrorart_golden_ayna-3-1024x768.jpg\"><span data-alt=\"\"><\/span><\/a><img loading=\"lazy\" decoding=\"async\" width=\"150\" height=\"150\" src=\"https:\/\/magicmirror.tv\/wp-content\/uploads\/2021\/03\/ayna-tv-mirror-tv-mirrorart_golden_ayna-3-150x150.jpg\" class=\"rsTmb\" alt=\"\" \/><\/div><div class=\"rsContent\"><a class=\"rsImg\" data-rsw=\"1024\" data-rsh=\"768\" href=\"https:\/\/magicmirror.tv\/wp-content\/uploads\/2021\/03\/ayna-tv-mirror-tv-mirrorart_golden_ayna-4-1024x768.jpg\"><span data-alt=\"\"><\/span><\/a><img loading=\"lazy\" decoding=\"async\" width=\"150\" height=\"150\" src=\"https:\/\/magicmirror.tv\/wp-content\/uploads\/2021\/03\/ayna-tv-mirror-tv-mirrorart_golden_ayna-4-150x150.jpg\" class=\"rsTmb\" alt=\"\" \/><\/div><div class=\"rsContent\"><a class=\"rsImg\" data-rsw=\"1024\" data-rsh=\"768\" href=\"https:\/\/magicmirror.tv\/wp-content\/uploads\/2021\/03\/ayna-tv-mirror-tv-mirrorart_golden_ayna-5-1024x768.jpg\"><span data-alt=\"\"><\/span><\/a><img loading=\"lazy\" decoding=\"async\" width=\"150\" height=\"150\" src=\"https:\/\/magicmirror.tv\/wp-content\/uploads\/2021\/03\/ayna-tv-mirror-tv-mirrorart_golden_ayna-5-150x150.jpg\" class=\"rsTmb\" alt=\"\" \/><\/div><div class=\"rsContent\"><a class=\"rsImg\" data-rsw=\"1024\" data-rsh=\"768\" href=\"https:\/\/magicmirror.tv\/wp-content\/uploads\/2021\/03\/ayna-tv-mirror-tv-mirrorart_golden_ayna-6-1024x768.jpg\"><span data-alt=\"\"><\/span><\/a><img loading=\"lazy\" decoding=\"async\" width=\"150\" height=\"150\" src=\"https:\/\/magicmirror.tv\/wp-content\/uploads\/2021\/03\/ayna-tv-mirror-tv-mirrorart_golden_ayna-6-150x150.jpg\" class=\"rsTmb\" alt=\"\" \/><\/div><div class=\"rsContent\"><a class=\"rsImg\" data-rsw=\"1024\" data-rsh=\"768\" href=\"https:\/\/magicmirror.tv\/wp-content\/uploads\/2021\/03\/ayna-tv-mirror-tv-mirrorart_golden_ayna-7-1024x768.jpg\"><span data-alt=\"\"><\/span><\/a><img loading=\"lazy\" decoding=\"async\" width=\"150\" height=\"150\" src=\"https:\/\/magicmirror.tv\/wp-content\/uploads\/2021\/03\/ayna-tv-mirror-tv-mirrorart_golden_ayna-7-150x150.jpg\" class=\"rsTmb\" alt=\"\" \/><\/div><div class=\"rsContent\"><a class=\"rsImg\" data-rsw=\"1024\" data-rsh=\"768\" href=\"https:\/\/magicmirror.tv\/wp-content\/uploads\/2021\/03\/ayna-tv-mirror-tv-mirrorart_golden_ayna-8-1024x768.jpg\"><span data-alt=\"\"><\/span><\/a><img loading=\"lazy\" decoding=\"async\" width=\"150\" height=\"150\" src=\"https:\/\/magicmirror.tv\/wp-content\/uploads\/2021\/03\/ayna-tv-mirror-tv-mirrorart_golden_ayna-8-150x150.jpg\" class=\"rsTmb\" alt=\"\" \/><\/div><\/div><img decoding=\"async\" src=\"https:\/\/magicmirror.tv\/wp-content\/uploads\/2021\/03\/ayna-tv-mirror-tv-mirrorart_golden_ayna-1-1024x768.jpg\" width=\"1024\" height=\"768\" alt loading=\"lazy\"><\/div><div class=\"w-slider-json\" onclick='return {&quot;loop&quot;:true,&quot;fadeInLoadedSlide&quot;:false,&quot;slidesSpacing&quot;:0,&quot;imageScalePadding&quot;:0,&quot;numImagesToPreload&quot;:2,&quot;arrowsNav&quot;:true,&quot;arrowsNavAutoHide&quot;:false,&quot;transitionType&quot;:&quot;move&quot;,&quot;transitionSpeed&quot;:300,&quot;block&quot;:{&quot;moveEffect&quot;:&quot;none&quot;,&quot;speed&quot;:300},&quot;controlNavigation&quot;:&quot;thumbnails&quot;,&quot;imageScaleMode&quot;:&quot;fit-if-smaller&quot;,&quot;autoScaleSlider&quot;:true,&quot;autoScaleSliderWidth&quot;:1024,&quot;autoScaleSliderHeight&quot;:768,&quot;fitInViewport&quot;:false}'><\/div><\/div><\/div><\/div><\/div><\/div><\/div><\/section><section class=\"l-section wpb_row height_small\"><div class=\"l-section-h i-cf\"><div class=\"g-cols vc_row type_default valign_top\"><div class=\"vc_col-sm-12 wpb_column vc_column_container\"><div class=\"vc_column-inner\"><div class=\"wpb_wrapper\"><div class=\"g-cols wpb_row  us_custom_1b954acf type_default valign_top vc_inner\"><div class=\"vc_col-sm-12 wpb_column vc_column_container\"><div class=\"vc_column-inner\"><div class=\"wpb_wrapper\"><div class=\"wpb_text_column\" ><div class=\"wpb_wrapper\"><h3 style=\"text-align: center;\">\u062e\u0635\u0627\u0626\u0635 \u062a\u0642\u0646\u064a\u0629<\/h3>\n<\/div><\/div><\/div><\/div><\/div><\/div><div class=\"g-cols wpb_row  type_default valign_top vc_inner\"><div class=\"vc_col-sm-12 wpb_column vc_column_container\"><div class=\"vc_column-inner\"><div class=\"wpb_wrapper\"><div class=\"wpb_text_column\" ><div class=\"wpb_wrapper\"><table>\n<tbody>\n<tr>\n<td width=\"95\"><\/td>\n<td width=\"237\"><strong>\u0627\u0644\u0641\u0636\u064a \u0628\u062d\u062c\u0645 <\/strong><strong>M<\/strong><\/td>\n<td width=\"198\"><strong>\u0627\u0644\u0641\u0636\u064a \u0628\u062d\u062c\u0645 <\/strong><strong>L<\/strong><\/td>\n<\/tr>\n<tr>\n<td width=\"95\">\u062d\u062c\u0645 \u0627\u0644\u062a\u0644\u0641\u0627\u0632<\/td>\n<td width=\"237\">32 \u0625\u0644\u0649 55 \u0628\u0648\u0635\u0629<\/td>\n<td width=\"198\">65 \u0625\u0644\u0649 75 \u0628\u0648\u0635\u0629<\/td>\n<\/tr>\n<tr>\n<td width=\"95\">\u0627\u0644\u0625\u0637\u0627\u0631<\/td>\n<td width=\"237\">\u062e\u0634\u0628\u064a<\/td>\n<td width=\"198\">\u062e\u0634\u0628\u064a<\/td>\n<\/tr>\n<tr>\n<td width=\"95\">\u0644\u0648\u0646 \u0627\u0644\u0625\u0637\u0627\u0631<\/td>\n<td width=\"237\">\u0641\u0636\u064a<\/td>\n<td width=\"198\">\u0641\u0636\u064a<\/td>\n<\/tr>\n<tr>\n<td width=\"95\">\u0646\u0648\u0639 \u0627\u0644\u0632\u062c\u0627\u062c<\/td>\n<td width=\"237\">\u0627\u0644\u0632\u062c\u0627\u062c \u0627\u0644\u0634\u0641\u0627\u0641<\/td>\n<td width=\"198\">\u0627\u0644\u0632\u062c\u0627\u062c \u0627\u0644\u0634\u0641\u0627\u0641<\/td>\n<\/tr>\n<tr>\n<td width=\"95\">\u0646\u0641\u0627\u0630\u064a\u0629 \u0627\u0644\u0636\u0648\u0621<\/td>\n<td width=\"237\">82%<\/td>\n<td width=\"198\">82%<\/td>\n<\/tr>\n<tr>\n<td width=\"95\">\u0633\u0645\u0643 \u0627\u0644\u0632\u062c\u0627\u062c<\/td>\n<td width=\"237\">4 \u0645\u0645<\/td>\n<td width=\"198\">4 \u0645\u0645<\/td>\n<\/tr>\n<tr>\n<td width=\"95\">\u0639\u0631\u0636 \u0627\u0644\u0634\u0627\u0634\u0629<\/td>\n<td width=\"237\">16:9<\/td>\n<td width=\"198\">16:9<\/td>\n<\/tr>\n<tr>\n<td width=\"95\">\u0645\u062f\u062e\u0644 USB<\/td>\n<td width=\"237\">\u0646\u0639\u0645<\/td>\n<td width=\"198\">\u0646\u0639\u0645<\/td>\n<\/tr>\n<tr>\n<td width=\"95\">\u0623\u0628\u0639\u0627\u062f \u062c\u0645\u0639\u064a\u0629 \u0645\u0639\u0627\u064a\u064a\u0631 \u0625\u0644\u0643\u062a\u0631\u0648\u0646\u064a\u0627\u062a \u0627\u0644\u0641\u064a\u062f\u064a\u0648 VESA<\/td>\n<td width=\"237\">200&#215;200, 300&#215;300, 400&#215;400 \u00a0\u0645\u0645<\/td>\n<td width=\"198\">300&#215;300, 400&#215;400, 400&#215;600 \u00a0\u0645\u0645<\/td>\n<\/tr>\n<tr>\n<td width=\"95\">\u0623\u062f\u0627\u0629 \u0627\u0644\u062a\u062b\u0628\u064a\u062a \u0641\u064a \u0627\u0644\u062c\u062f\u0627\u0631<\/td>\n<td width=\"237\">\u0646\u0639\u0645<\/td>\n<td width=\"198\">\u0646\u0639\u0645<\/td>\n<\/tr>\n<\/tbody>\n<\/table>\n<table>\n<tbody>\n<tr>\n<td width=\"130\">\u0623\u0628\u0639\u0627\u062f \u0627\u0644\u0625\u0637\u0627\u0631<\/td>\n<td width=\"170\">1480&#215;965 \u0645\u0645<\/td>\n<td width=\"252\">1930&#215;1208 \u0645\u0645<\/td>\n<\/tr>\n<tr>\n<td width=\"130\">\u0623\u0628\u0639\u0627\u062f \u0627\u0644\u0632\u062c\u0627\u062c<\/td>\n<td width=\"170\">1280&#215;765 \u0645\u0645<\/td>\n<td width=\"252\">1730&#215;1008 \u0645\u0645<\/td>\n<\/tr>\n<tr>\n<td width=\"130\">\u0627\u0644\u0633\u0645\u0643 (\u0628\u062f\u0648\u0646 \u0632\u062c\u0627\u062c)<\/td>\n<td width=\"170\">54 \u00a0\u0645\u0645<\/td>\n<td width=\"252\">54 \u00a0\u0645\u0645<\/td>\n<\/tr>\n<tr>\n<td width=\"130\">\u0627\u0644\u0633\u0645\u0643 \u0627\u0644\u0623\u0642\u0635\u0649 \u0644\u0644\u062a\u0644\u0641\u0627\u0632<\/td>\n<td width=\"170\">90 \u00a0\u0645\u0645<\/td>\n<td width=\"252\">90 \u00a0\u0645\u0645<\/td>\n<\/tr>\n<\/tbody>\n<\/table>\n<\/div><\/div><\/div><\/div><\/div><\/div><\/div><\/div><\/div><\/div><\/div><\/section><section class=\"l-section wpb_row height_small\"><div class=\"l-section-h i-cf\"><div class=\"g-cols vc_row type_default valign_top\"><div class=\"vc_col-sm-12 wpb_column vc_column_container\"><div class=\"vc_column-inner\"><div class=\"wpb_wrapper\"><div class=\"g-cols wpb_row  us_custom_1b954acf type_default valign_top vc_inner\"><div class=\"vc_col-sm-12 wpb_column vc_column_container\"><div class=\"vc_column-inner\"><div class=\"wpb_wrapper\"><div class=\"wpb_text_column\" ><div class=\"wpb_wrapper\"><h3 style=\"text-align: center;\">\u062d\u062c\u0645 \u0627\u0644\u0645\u0646\u062a\u062c M (32&#8243; &#8211; 55&#8243;)<\/h3>\n<\/div><\/div><\/div><\/div><\/div><\/div><div class=\"g-cols wpb_row  type_default valign_top vc_inner\"><div class=\"vc_col-sm-12 wpb_column vc_column_container\"><div class=\"vc_column-inner\"><div class=\"wpb_wrapper\"><div class=\"w-image align_none\"><div class=\"w-image-h\"><img loading=\"lazy\" decoding=\"async\" width=\"1000\" height=\"803\" src=\"https:\/\/magicmirror.tv\/wp-content\/uploads\/2021\/03\/32-55-Mirror-Tv.jpg\" class=\"attachment-full size-full\" alt=\"\" srcset=\"https:\/\/magicmirror.tv\/wp-content\/uploads\/2021\/03\/32-55-Mirror-Tv.jpg 1000w, https:\/\/magicmirror.tv\/wp-content\/uploads\/2021\/03\/32-55-Mirror-Tv-300x241.jpg 300w, https:\/\/magicmirror.tv\/wp-content\/uploads\/2021\/03\/32-55-Mirror-Tv-800x642.jpg 800w, https:\/\/magicmirror.tv\/wp-content\/uploads\/2021\/03\/32-55-Mirror-Tv-498x400.jpg 498w\" sizes=\"auto, (max-width: 1000px) 100vw, 1000px\" \/><\/div><\/div><\/div><\/div><\/div><\/div><\/div><\/div><\/div><\/div><\/div><\/section><section class=\"l-section wpb_row height_small\"><div class=\"l-section-h i-cf\"><div class=\"g-cols vc_row type_default valign_top\"><div class=\"vc_col-sm-12 wpb_column vc_column_container\"><div class=\"vc_column-inner\"><div class=\"wpb_wrapper\"><div class=\"g-cols wpb_row  us_custom_1b954acf type_default valign_top vc_inner\"><div class=\"vc_col-sm-12 wpb_column vc_column_container\"><div class=\"vc_column-inner\"><div class=\"wpb_wrapper\"><div class=\"wpb_text_column\" ><div class=\"wpb_wrapper\"><h3 style=\"text-align: center;\">\u062d\u062c\u0645 \u0627\u0644\u0645\u0646\u062a\u062c L (65&#8243; &#8211; 75&#8243;)<\/h3>\n<\/div><\/div><\/div><\/div><\/div><\/div><div class=\"g-cols wpb_row  type_default valign_top vc_inner\"><div class=\"vc_col-sm-12 wpb_column vc_column_container\"><div class=\"vc_column-inner\"><div class=\"wpb_wrapper\"><div class=\"w-image align_none\"><div class=\"w-image-h\"><img loading=\"lazy\" decoding=\"async\" width=\"1000\" height=\"863\" src=\"https:\/\/magicmirror.tv\/wp-content\/uploads\/2021\/03\/65-75-Mirror-Tv.jpg\" class=\"attachment-full size-full\" alt=\"\" srcset=\"https:\/\/magicmirror.tv\/wp-content\/uploads\/2021\/03\/65-75-Mirror-Tv.jpg 1000w, https:\/\/magicmirror.tv\/wp-content\/uploads\/2021\/03\/65-75-Mirror-Tv-300x259.jpg 300w, https:\/\/magicmirror.tv\/wp-content\/uploads\/2021\/03\/65-75-Mirror-Tv-800x690.jpg 800w, https:\/\/magicmirror.tv\/wp-content\/uploads\/2021\/03\/65-75-Mirror-Tv-463x400.jpg 463w\" sizes=\"auto, (max-width: 1000px) 100vw, 1000px\" \/><\/div><\/div><\/div><\/div><\/div><\/div><\/div><\/div><\/div><\/div><\/div><\/section>\n","protected":false},"excerpt":{"rendered":"Kolay montaj k\u0131lavuzunu indirmek i\u00e7in t\u0131klay\u0131n MirrorArt \u0630\u0647\u0628\u064a \u064a\u0623\u062a\u064a \u0627\u0644\u0646\u0645\u0648\u0630\u062c \u0627\u0644\u0630\u0647\u0628\u064a \u0628\u0625\u0637\u0627\u0631 \u062e\u0634\u0628\u064a \u0628\u0632\u062e\u0631\u0641\u0629 \u0641\u0636\u064a\u0629 \u0648\u0645\u0631\u0622\u0629 \u0630\u0647\u0628\u064a\u0629 \u0648\u0639\u062f\u0629 \u0630\u0647\u0628\u064a\u0629 \u0644\u062a\u0631\u0643\u064a\u0628 \u0627\u0644\u0634\u0627\u0634\u0629 \u0639\u0644\u0649 \u0627\u0644\u062c\u062f\u0627\u0631. \u0627\u0644\u0646\u0645\u0648\u0630\u062c \u0627\u0644\u0630\u0647\u0628\u064a \u0644\u0647 \u062d\u062c\u0645\u0627\u0646 \u0645\u062a\u0648\u0633\u0637 M \u0648\u0643\u0628\u064a\u0631 L \u0627\u0644\u0645\u062a\u0648\u0633\u0637: \u0645\u0646\u0627\u0633\u0628 \u0644\u0644\u0634\u0627\u0634\u0627\u062a \u0628\u062d\u062c\u0645 32 \u0625\u0644\u0649 55 \u0628\u0648\u0635\u0629 \u0627\u0644\u0643\u0628\u064a\u0631: \u0645\u0646\u0627\u0633\u0628 \u0644\u0644\u0634\u0627\u0634\u0627\u062a \u0628\u062d\u062c\u0645 65 \u0625\u0644\u0649 75 \u0628\u0648\u0635\u0629 &#8211; \u0627\u062e\u062a\u0631 \u0627\u0644\u062d\u062c\u0645 \u0627\u0644\u0645\u0646\u0627\u0633\u0628 (M \u0623\u0648L) \u0627\u0637\u0644\u0628 \u0645\u0646\u062a\u062c\u0643...","protected":false},"author":1,"featured_media":0,"parent":0,"menu_order":0,"comment_status":"closed","ping_status":"closed","template":"","meta":{"footnotes":""},"class_list":["post-699","page","type-page","status-publish","hentry"],"_links":{"self":[{"href":"https:\/\/magicmirror.tv\/ar\/wp-json\/wp\/v2\/pages\/699","targetHints":{"allow":["GET"]}}],"collection":[{"href":"https:\/\/magicmirror.tv\/ar\/wp-json\/wp\/v2\/pages"}],"about":[{"href":"https:\/\/magicmirror.tv\/ar\/wp-json\/wp\/v2\/types\/page"}],"author":[{"embeddable":true,"href":"https:\/\/magicmirror.tv\/ar\/wp-json\/wp\/v2\/users\/1"}],"replies":[{"embeddable":true,"href":"https:\/\/magicmirror.tv\/ar\/wp-json\/wp\/v2\/comments?post=699"}],"version-history":[{"count":3,"href":"https:\/\/magicmirror.tv\/ar\/wp-json\/wp\/v2\/pages\/699\/revisions"}],"predecessor-version":[{"id":750,"href":"https:\/\/magicmirror.tv\/ar\/wp-json\/wp\/v2\/pages\/699\/revisions\/750"}],"wp:attachment":[{"href":"https:\/\/magicmirror.tv\/ar\/wp-json\/wp\/v2\/media?parent=699"}],"curies":[{"name":"wp","href":"https:\/\/api.w.org\/{rel}","templated":true}]}}